{"id":18681,"date":"2021-10-18T16:30:51","date_gmt":"2021-10-18T16:30:51","guid":{"rendered":"https:\/\/www.sipro.hr\/informativa-sulla-privacy\/"},"modified":"2022-02-21T17:47:37","modified_gmt":"2022-02-21T17:47:37","slug":"informativa-sulla-privacy","status":"publish","type":"page","link":"https:\/\/www.sipro.hr\/it\/informativa-sulla-privacy\/","title":{"rendered":"Informativa sulla privacy"},"content":{"rendered":"<p><b>Sipro d.o.o. per la produzione, la lavorazione e il commercio di prodotti autoadesivi industriali<\/b>, Ungaria 40\/a,<b> <\/b>52470 Umago, Croazia, partita IVA (OIB): 54504661622 (di seguito: <b>Sipro<\/b>), in qualit\u00e0 di societ\u00e0 responsabile, rispetta la privacy dei propri utenti e si impegna a proteggere i loro dati personali. La presente Informativa sulla privacy \u00e8 stata formulata per informarvi sulle modalit\u00e0 di raccolta e trattamento dei dati personali.<\/p>\n<p><b>Utilizzo del sito web&nbsp;<\/b><a href=\"http:\/\/www.sipro.hr\"><b>www.sipro.hr<\/b><\/a><\/p>\n<p>La visita al sito web&nbsp;<a href=\"http:\/\/www.sipro.hr\">www.sipro.hr<\/a> presuppone la raccolta automatica di determinati dati e informazioni statistiche da parte del proprietario Sipro attraverso web server o \u201ccookie\u201d. Esempi delle informazioni riguardanti l\u2019utilizzo del sito web da parte dell\u2019utente: le pagine e i link pi\u00f9 visitati e consultati sulla nostra pagina web, il tempo di navigazione, le parole chiave pi\u00f9 popolari che conducono gli utenti al nostro sito, l\u2019indirizzo IP dell\u2019utente, le informazioni raccolte tramite i cookie, i dati del dispositivo dell\u2019utente come impostazioni hardware, attivit\u00e0 di sistema, tipo di motore di ricerca, ecc. Il fine di tale elaborazione \u00e8 quello di rendere la nostra pagina pi\u00f9 efficiente e intuitiva, ovvero di adattarla alle vostre esigenze.<\/p>\n<p><b>&nbsp;<\/b>Ai fini della raccolta dei dati, Sipro utilizza:<\/p>\n<p>\u2013 Google Analytics<\/p>\n<p>Il nostro sito web potrebbe contenere link che rimandano a siti web che Sipro non gestisce e di cui non \u00e8 responsabile. Vi consigliamo, pertanto, di esaminare le politiche sulla privacy e la sicurezza di tali siti web per informarvi sulle loro modalit\u00e0 di raccolta e trattamento dei vostri dati personali.<\/p>\n<p><b>Sicurezza<\/b><\/p>\n<p>Sipro utilizza misure di sicurezza tecniche e organizzative adeguate a proteggere i vostri dati. Qualsiasi informazione personale da voi fornita viene crittografata tramite algoritmi per garantire la massima sicurezza del nostro sito ed evitare l\u2019uso improprio dei dati da parte di terzi. Le nostre misure di sicurezza vengono continuamente migliorate in linea con gli sviluppi tecnologici.<span class=\"Apple-converted-space\">&nbsp;<\/span><\/p>\n<p><b>Uso dei cookie<\/b><\/p>\n<p>CHE COSA SONO I COOKIE?<\/p>\n<p>I cookie sono piccoli file di testo che contengono informazioni sulla modalit\u00e0 di utilizzo del sito e vengono memorizzati dal computer o da altri dispositivi nel momento in cui visitate un sito web. I cookie sono necessari per facilitare la navigazione e non sono dannosi per il computer.<\/p>\n<p>Sebbene nell\u2019Informativa venga usato il termine generico di <i>cookie<\/i>, visto che essi rappresentano il metodo principale di memorizzazione dei dati su questo sito web, lo spazio di <i>archiviazione locale<\/i> del motore di ricerca viene utilizzato allo stesso scopo. Dunque, tutte le informazioni riportate in questo paragrafo sono applicabili anche per la suddetta <i>archiviazione locale<\/i>.<span class=\"Apple-converted-space\">&nbsp;<\/span><\/p>\n<p>A QUALE SCOPO VENGONO UTILIZZATI I COOKIE SU QUESTO SITO WEB?<\/p>\n<p>I cookie sono indispensabili per il corretto funzionamento del nostro sito web. La finalit\u00e0 principale dei nostri cookie \u00e8 quella di migliorare l\u2019esperienza di navigazione. Vengono utilizzati per memorizzare le scelte dell\u2019utente (ad esempio la lingua di navigazione del sito) e vengono poi recuperati durante le visite successive. Le informazioni raccolte dai cookie ci consentono inoltre di migliorare il sito stimando la quantit\u00e0 e le modalit\u00e0 di utilizzo, adattare il sito alle singole esigenze degli utenti, effettuare ricerche pi\u00f9 veloci, ecc.<\/p>\n<p>Occasionalmente e solo previo vostro consenso, possiamo utilizzare cookie, tag e strumenti analoghi per ottenere informazioni che ci consentono di mostrarvi annunci basati sull\u2019analisi della vostra abituale navigazione del sito dalla nostra pagina web, da siti di terzi o in qualsiasi altra modalit\u00e0.<span class=\"Apple-converted-space\">&nbsp;<\/span><\/p>\n<p>CHI UTILIZZA LE INFORMAZIONI MEMORIZZATE NEI COOKIE?<\/p>\n<p>Le informazioni memorizzate nei cookie vengono utilizzate esclusivamente da Sipro, ad eccezione di quelle raccolte da parte dei \u201ccookie di terze parti\u201d descritti di seguito, i quali vengono usati e gestiti da soggetti giuridici esterni da noi incaricati per migliorare i nostri servizi nonch\u00e9 l\u2019esperienza dell\u2019utente durante la navigazione del nostro sito web. Tali \u201ccookie di terze parti\u201d sono utilizzati principalmente per ottenere statistiche relative agli accessi.<\/p>\n<p>COME DISABILITARE O IMPEDIRE L\u2019UTILIZZO DEI COOKIE?<\/p>\n<p>\u00c8 possibile limitare, bloccare o eliminare i cookie da questo sito internet in qualsiasi momento modificando la configurazione del motore di ricerca tramite i seguenti passaggi.<span class=\"Apple-converted-space\">&nbsp;<\/span><\/p>\n<p>Sebbene le impostazioni siano diverse per ciascun motore di ricerca, i cookie vengono generalmente configurati nei men\u00f9 \u201cImpostazioni\u201d o \u201cStrumenti\u201d. Per ulteriori dettagli riguardo la configurazione dei cookie del vostro motore di ricerca, vi invitiamo a consultare la scheda \u201cGuida\u201d dello stesso.<span class=\"Apple-converted-space\">&nbsp;<\/span><\/p>\n<p>Potete trovare maggiori informazioni sui cookie e sul loro utilizzo visitando i siti:<\/p>\n<p><a href=\"http:\/\/www.allaboutcookies.org\/\">www.allaboutcookies.org<\/a>&nbsp;&nbsp;e&nbsp;<a href=\"http:\/\/www.youronlinechoices.eu\/\">www.youronlinechoices.eu<\/a>.<\/p>\n<p><b>Rispondiamo alle vostre richieste<\/b><\/p>\n<p>\u00c8 possibile contattarci al numero telefonico +385 52 725 555 oppure via e-mail su&nbsp;<a href=\"mailto:info@sipro.hr\">info@sipro.hr<\/a>.<\/p>\n<p>In base alla vostra richiesta con la quale ci fornite il vostro consenso e in caso di reclamo \u00e8 possibile che i vostri dati vengano trattati, sulla base del nostro legittimo interesse, al fine di:<span class=\"Apple-converted-space\">&nbsp;<\/span><\/p>\n<ul>\n<li>rispondere alla vostra richiesta;<\/li>\n<li>elaborare eventuali reclami al fine di intraprendere le azioni necessarie;<\/li>\n<li>fornirvi informazioni sui nostri prodotti e servizi.<\/li>\n<\/ul>\n<p>I vostri dati personali, forniti personalmente da voi in tale situazione, e pi\u00f9 precisamente il vostro nome e cognome, numero di telefono, indirizzo, e-mail, data e natura della richiesta, verranno trattati ai suddetti scopi. Il periodo di conservazione dei vostri dati personali dipende dalla natura della vostra domanda, la quale viene elaborata fino a quando esiste uno scopo.<\/p>\n<p><b>Collaborazione aziendale con Sipro<\/b><\/p>\n<p>In caso siate un nostro partner commerciale o abbiate un rapporto contrattuale con la nostra azienda, elaboriamo i vostri dati personali indispensabili per stipulare, attuare e adempiere ai nostri impegni contrattuali. Sipro collabora per la maggior parte con imprese ed elabora solo in minima parte i dati personali di persone fisiche, i quali possono includere nome e cognome, indirizzo, numero identificativo personale (OIB) e informazioni di contatto. In questo caso, il conferimento dei vostri dati personali \u00e8 una condizione necessaria per instaurare un rapporto contrattuale. I vostri dati vengono conservati per tutta la durata della nostra collaborazione nonch\u00e9 dopo la conclusione della stessa per il periodo previsto dai nostri obblighi legali.<\/p>\n<p><b>Come e con chi condividiamo i vostri dati personali<\/b><\/p>\n<p>Le vostre informazioni personali possono essere condivise con le autorit\u00e0 nazionali su richiesta delle stesse nonch\u00e9 con terze parti quali i nostri fornitori dei servizi relativi all\u2019elaborazione dati, in qualit\u00e0 di responsabili del trattamento. Tali fornitori sono obbligati a utilizzare i dati a loro forniti esclusivamente in conformit\u00e0 con le nostre linee guida e solo per le finalit\u00e0 concordate.<span class=\"Apple-converted-space\">&nbsp;<\/span><\/p>\n<p><b>Diritti degli interessati<\/b><\/p>\n<p>In qualsiasi momento potete richiedere:<\/p>\n<ul>\n<li>l\u2019accesso e l\u2019aggiornamento dei vostri dati personali;<\/li>\n<li>ulteriori informazioni sulla modalit\u00e0 di utilizzo dei vostri dati;<\/li>\n<li>di ricevere i dati personali da voi forniti in un formato strutturato, di uso comune e leggibile da dispositivo automatico nonch\u00e9, ove tecnicamente possibile, trasferire tali dati a un altro responsabile del trattamento senza impedimenti in caso l\u2019elaborazione dei vostri dati sia basata sul vostro consenso ed effettuata in maniera automatizzata;<\/li>\n<li>la cancellazione dei vostri dati personali. Siccome la cancellazione dei propri dati pu\u00f2 essere richiesta solo dall\u2019utente stesso, \u00e8 possibile che, per motivi di sicurezza, venga effettuata una verifica d\u2019identit\u00e0 prima della cancellazione;<\/li>\n<li>la revoca del consenso con effetto futuro, solo se il trattamento si basa sul consenso, al fine di interromperlo. La revoca del consenso non pregiudica la liceit\u00e0 del trattamento basata sul consenso prima della revoca;<\/li>\n<li>la limitazione del trattamento dei vostri dati personali;<\/li>\n<li>di proporre un reclamo a qualsiasi trattamento che si basi sul nostro legittimo interesse, a meno che i motivi per tale trattamento non siano superiori rispetto al diritto di protezione dei dati personali.<\/li>\n<\/ul>\n<p><b>Responsabili della protezione dati<\/b><\/p>\n<p>Per domande relative al trattamento dei vostri dati personali e all\u2019esercizio dei vostri diritti, potete contattarci all\u2019indirizzo e-mail <a href=\"mailto:info@sipro.hr\">info@sipro.hr<\/a>.<\/p>\n<p>In caso di sospetta violazione dei vostri dati personali, avete il diritto di presentare un reclamo all\u2019Agenzia per la protezione dei dati personali.<span class=\"Apple-converted-space\">&nbsp;<\/span><\/p>\n<p><b>Informazioni di contatto del titolare del trattamento<\/b><\/p>\n<p>Titolare del trattamento: Sipro d.o.o.<br \/>\nIndirizzo: Ungaria 40\/a, 52470 Umago, Croazia<br \/>\nTelefono: +385 52 725 555<br \/>\nE-mail: <a href=\"mailto:info@sipro.hr\">info@sipro.hr<\/a><\/p>\n<p><b>Confidenzialit\u00e0 e accesso ai dati<\/b><\/p>\n<p>Con la presente informativa e in conformit\u00e0 con il <b><i>Regolamento UE 2016\/679 relativo alla protezione delle persone fisiche con riguardo al trattamento dei dati personali<\/i> (Regolamento)<\/b>, Sipro d.o.o. si impegna a garantire la confidenzialit\u00e0 di tutti i dati personali ai quali ha diritto e accesso, oltre che a utilizzare i suddetti dati esclusivamente per le finalit\u00e0 stabilite, ovvero prescritte.<\/p>\n<p><b>Riservatezza dei dati<\/b><\/p>\n<p>Desideriamo chiarire che visitando questo sito, le vostre informazioni personali rimangono riservate, a meno che non vogliate rivelarle volontariamente. Ci impegniamo a non divulgare, vendere n\u00e9 trasferire i dati raccolti (salvo nei casi prescritti dal Regolamento).<\/p>\n<p><b>Modifiche alla presente Informativa sulla privacy<\/b><\/p>\n<p>Consultando il nostro sito potete informarvi su eventuali revisioni dell\u2019Informativa sulla privacy nonch\u00e9 trovare le date relative agli aggiornamenti, riportate come di seguito.<\/p>\n<p>L\u2019Informativa sulla privacy \u00e8 stata aggiornata in data: 07\/12\/2021.<\/p>\n","protected":false},"excerpt":{"rendered":"<p>Sipro d.o.o. per la produzione, la lavorazione e il commercio di prodotti autoadesivi industriali, Ungaria 40\/a, 52470 Umago, Croazia, partita IVA (OIB): 54504661622 (di seguito: Sipro), in qualit\u00e0 di societ\u00e0&hellip;<\/p>\n","protected":false},"author":1,"featured_media":0,"parent":0,"menu_order":0,"comment_status":"closed","ping_status":"closed","template":"","meta":{"footnotes":""},"class_list":["post-18681","page","type-page","status-publish","hentry"],"yoast_head":"<!-- This site is optimized with the Yoast SEO plugin v27.2 - https:\/\/yoast.com\/product\/yoast-seo-wordpress\/ -->\n<title>Informativa sulla privacy - Sipro<\/title>\n<meta name=\"robots\" content=\"index, follow, max-snippet:-1, max-image-preview:large, max-video-preview:-1\" \/>\n<link rel=\"canonical\" href=\"https:\/\/www.sipro.hr\/it\/informativa-sulla-privacy\/\" \/>\n<meta property=\"og:locale\" content=\"it_IT\" \/>\n<meta property=\"og:type\" content=\"article\" \/>\n<meta property=\"og:title\" content=\"Informativa sulla privacy - Sipro\" \/>\n<meta property=\"og:description\" content=\"Sipro d.o.o. per la produzione, la lavorazione e il commercio di prodotti autoadesivi industriali, Ungaria 40\/a, 52470 Umago, Croazia, partita IVA (OIB): 54504661622 (di seguito: Sipro), in qualit\u00e0 di societ\u00e0&hellip;\" \/>\n<meta property=\"og:url\" content=\"https:\/\/www.sipro.hr\/it\/informativa-sulla-privacy\/\" \/>\n<meta property=\"og:site_name\" content=\"Sipro\" \/>\n<meta property=\"article:modified_time\" content=\"2022-02-21T17:47:37+00:00\" \/>\n<meta name=\"twitter:card\" content=\"summary_large_image\" \/>\n<meta name=\"twitter:label1\" content=\"Tempo di lettura stimato\" \/>\n\t<meta name=\"twitter:data1\" content=\"8 minutes\" \/>\n<script type=\"application\/ld+json\" class=\"yoast-schema-graph\">{\"@context\":\"https:\/\/schema.org\",\"@graph\":[{\"@type\":\"WebPage\",\"@id\":\"https:\/\/www.sipro.hr\/it\/informativa-sulla-privacy\/\",\"url\":\"https:\/\/www.sipro.hr\/it\/informativa-sulla-privacy\/\",\"name\":\"Informativa sulla privacy - Sipro\",\"isPartOf\":{\"@id\":\"https:\/\/www.sipro.hr\/#website\"},\"datePublished\":\"2021-10-18T16:30:51+00:00\",\"dateModified\":\"2022-02-21T17:47:37+00:00\",\"breadcrumb\":{\"@id\":\"https:\/\/www.sipro.hr\/it\/informativa-sulla-privacy\/#breadcrumb\"},\"inLanguage\":\"it-IT\",\"potentialAction\":[{\"@type\":\"ReadAction\",\"target\":[\"https:\/\/www.sipro.hr\/it\/informativa-sulla-privacy\/\"]}]},{\"@type\":\"BreadcrumbList\",\"@id\":\"https:\/\/www.sipro.hr\/it\/informativa-sulla-privacy\/#breadcrumb\",\"itemListElement\":[{\"@type\":\"ListItem\",\"position\":1,\"name\":\"Home\",\"item\":\"https:\/\/www.sipro.hr\/\"},{\"@type\":\"ListItem\",\"position\":2,\"name\":\"Informativa sulla privacy\"}]},{\"@type\":\"WebSite\",\"@id\":\"https:\/\/www.sipro.hr\/#website\",\"url\":\"https:\/\/www.sipro.hr\/\",\"name\":\"Sipro\",\"description\":\"Proizvodnja samoljepljivih traka\",\"publisher\":{\"@id\":\"https:\/\/www.sipro.hr\/#organization\"},\"potentialAction\":[{\"@type\":\"SearchAction\",\"target\":{\"@type\":\"EntryPoint\",\"urlTemplate\":\"https:\/\/www.sipro.hr\/?s={search_term_string}\"},\"query-input\":{\"@type\":\"PropertyValueSpecification\",\"valueRequired\":true,\"valueName\":\"search_term_string\"}}],\"inLanguage\":\"it-IT\"},{\"@type\":\"Organization\",\"@id\":\"https:\/\/www.sipro.hr\/#organization\",\"name\":\"Sipro\",\"url\":\"https:\/\/www.sipro.hr\/\",\"logo\":{\"@type\":\"ImageObject\",\"inLanguage\":\"it-IT\",\"@id\":\"https:\/\/www.sipro.hr\/#\/schema\/logo\/image\/\",\"url\":\"https:\/\/www.sipro.hr\/wp-content\/uploads\/2022\/01\/sipro_logo_2.png\",\"contentUrl\":\"https:\/\/www.sipro.hr\/wp-content\/uploads\/2022\/01\/sipro_logo_2.png\",\"width\":500,\"height\":96,\"caption\":\"Sipro\"},\"image\":{\"@id\":\"https:\/\/www.sipro.hr\/#\/schema\/logo\/image\/\"}}]}<\/script>\n<!-- \/ Yoast SEO plugin. -->","yoast_head_json":{"title":"Informativa sulla privacy - Sipro","robots":{"index":"index","follow":"follow","max-snippet":"max-snippet:-1","max-image-preview":"max-image-preview:large","max-video-preview":"max-video-preview:-1"},"canonical":"https:\/\/www.sipro.hr\/it\/informativa-sulla-privacy\/","og_locale":"it_IT","og_type":"article","og_title":"Informativa sulla privacy - Sipro","og_description":"Sipro d.o.o. per la produzione, la lavorazione e il commercio di prodotti autoadesivi industriali, Ungaria 40\/a, 52470 Umago, Croazia, partita IVA (OIB): 54504661622 (di seguito: Sipro), in qualit\u00e0 di societ\u00e0&hellip;","og_url":"https:\/\/www.sipro.hr\/it\/informativa-sulla-privacy\/","og_site_name":"Sipro","article_modified_time":"2022-02-21T17:47:37+00:00","twitter_card":"summary_large_image","twitter_misc":{"Tempo di lettura stimato":"8 minutes"},"schema":{"@context":"https:\/\/schema.org","@graph":[{"@type":"WebPage","@id":"https:\/\/www.sipro.hr\/it\/informativa-sulla-privacy\/","url":"https:\/\/www.sipro.hr\/it\/informativa-sulla-privacy\/","name":"Informativa sulla privacy - Sipro","isPartOf":{"@id":"https:\/\/www.sipro.hr\/#website"},"datePublished":"2021-10-18T16:30:51+00:00","dateModified":"2022-02-21T17:47:37+00:00","breadcrumb":{"@id":"https:\/\/www.sipro.hr\/it\/informativa-sulla-privacy\/#breadcrumb"},"inLanguage":"it-IT","potentialAction":[{"@type":"ReadAction","target":["https:\/\/www.sipro.hr\/it\/informativa-sulla-privacy\/"]}]},{"@type":"BreadcrumbList","@id":"https:\/\/www.sipro.hr\/it\/informativa-sulla-privacy\/#breadcrumb","itemListElement":[{"@type":"ListItem","position":1,"name":"Home","item":"https:\/\/www.sipro.hr\/"},{"@type":"ListItem","position":2,"name":"Informativa sulla privacy"}]},{"@type":"WebSite","@id":"https:\/\/www.sipro.hr\/#website","url":"https:\/\/www.sipro.hr\/","name":"Sipro","description":"Proizvodnja samoljepljivih traka","publisher":{"@id":"https:\/\/www.sipro.hr\/#organization"},"potentialAction":[{"@type":"SearchAction","target":{"@type":"EntryPoint","urlTemplate":"https:\/\/www.sipro.hr\/?s={search_term_string}"},"query-input":{"@type":"PropertyValueSpecification","valueRequired":true,"valueName":"search_term_string"}}],"inLanguage":"it-IT"},{"@type":"Organization","@id":"https:\/\/www.sipro.hr\/#organization","name":"Sipro","url":"https:\/\/www.sipro.hr\/","logo":{"@type":"ImageObject","inLanguage":"it-IT","@id":"https:\/\/www.sipro.hr\/#\/schema\/logo\/image\/","url":"https:\/\/www.sipro.hr\/wp-content\/uploads\/2022\/01\/sipro_logo_2.png","contentUrl":"https:\/\/www.sipro.hr\/wp-content\/uploads\/2022\/01\/sipro_logo_2.png","width":500,"height":96,"caption":"Sipro"},"image":{"@id":"https:\/\/www.sipro.hr\/#\/schema\/logo\/image\/"}}]}},"_links":{"self":[{"href":"https:\/\/www.sipro.hr\/it\/wp-json\/wp\/v2\/pages\/18681","targetHints":{"allow":["GET"]}}],"collection":[{"href":"https:\/\/www.sipro.hr\/it\/wp-json\/wp\/v2\/pages"}],"about":[{"href":"https:\/\/www.sipro.hr\/it\/wp-json\/wp\/v2\/types\/page"}],"author":[{"embeddable":true,"href":"https:\/\/www.sipro.hr\/it\/wp-json\/wp\/v2\/users\/1"}],"replies":[{"embeddable":true,"href":"https:\/\/www.sipro.hr\/it\/wp-json\/wp\/v2\/comments?post=18681"}],"version-history":[{"count":1,"href":"https:\/\/www.sipro.hr\/it\/wp-json\/wp\/v2\/pages\/18681\/revisions"}],"predecessor-version":[{"id":18683,"href":"https:\/\/www.sipro.hr\/it\/wp-json\/wp\/v2\/pages\/18681\/revisions\/18683"}],"wp:attachment":[{"href":"https:\/\/www.sipro.hr\/it\/wp-json\/wp\/v2\/media?parent=18681"}],"curies":[{"name":"wp","href":"https:\/\/api.w.org\/{rel}","templated":true}]}}